{"id":24,"date":"2025-08-27T23:00:34","date_gmt":"2025-08-27T23:00:34","guid":{"rendered":"https:\/\/amipharmadominicana.com\/?page_id=24"},"modified":"2025-09-30T14:35:45","modified_gmt":"2025-09-30T14:35:45","slug":"quienes-somos","status":"publish","type":"page","link":"https:\/\/amipharmadominicana.com\/index.php\/inicio\/quienes-somos\/","title":{"rendered":"Qui\u00e9nes Somos"},"content":{"rendered":"\n<figure class=\"wp-block-image size-full is-resized\"><img loading=\"lazy\" decoding=\"async\" width=\"822\" height=\"462\" src=\"https:\/\/amipharmadominicana.com\/wp-content\/uploads\/2025\/09\/Screen-Shot-2025-09-11-at-5.39.16-PM-edited.png\" alt=\"\" class=\"wp-image-169\" style=\"width:1140px;height:auto\" srcset=\"https:\/\/amipharmadominicana.com\/wp-content\/uploads\/2025\/09\/Screen-Shot-2025-09-11-at-5.39.16-PM-edited.png 822w, https:\/\/amipharmadominicana.com\/wp-content\/uploads\/2025\/09\/Screen-Shot-2025-09-11-at-5.39.16-PM-edited-300x169.png 300w, https:\/\/amipharmadominicana.com\/wp-content\/uploads\/2025\/09\/Screen-Shot-2025-09-11-at-5.39.16-PM-edited-768x432.png 768w\" sizes=\"auto, (max-width: 822px) 100vw, 822px\" \/><\/figure>\n\n\n\n<div class=\"wp-block-group wow animate__animated animate__fadeInUp has-global-padding is-layout-constrained wp-block-group-is-layout-constrained\" style=\"margin-top:0;margin-bottom:0;padding-top:var(--wp--preset--spacing--50);padding-bottom:var(--wp--preset--spacing--50)\">\n<div class=\"wp-block-columns is-layout-flex wp-container-core-columns-is-layout-658170e2 wp-block-columns-is-layout-flex\">\n<div class=\"wp-block-column is-layout-flow wp-block-column-is-layout-flow\">\n<div class=\"wp-block-group has-global-padding is-layout-constrained wp-block-group-is-layout-constrained\">\n<h2 class=\"wp-block-heading alignwide has-text-align-center has-accent-5-color has-text-color has-link-color wp-elements-9a9ca18094b6db736d4e3e0be369a9d6\" id=\"we-re-a-studio-in-berlin-with-an-international-practice-in-architecture-urban-planning-and-interior-design-we-believe-in-sharing-knowledge-and-promoting-dialogue-to-increase-the-creative-potential-of-collaboration\" style=\"font-size:clamp(27.894px, 1.743rem + ((1vw - 3.2px) * 2.452), 48px);line-height:1.1\"><strong>Nuestra Historia<\/strong><\/h2>\n\n\n\n<p class=\"has-text-align-center has-mdm-large-font-size\">Amipharma Dominicana fue fundada en el a\u00f1o 2001.&nbsp; Concebida con la idea de suplir a las diferentes Instituciones que se dedican a la lucha contra el c\u00e1ncer con productos que por una raz\u00f3n u otra no estaban disponibles en el mercado en un momento determinado. Es por esto por lo que nuestro universo de medicamentos est\u00e1 conformado por reconocidos suplidores a nivel Internacional, de los cuales podemos citar: Argentina, Uruguay, Austria, Suiza e Inglaterra.<\/p>\n\n\n\n<p class=\"has-text-align-center has-mdm-large-font-size\">La idea del nombre surge de uno de los socios pues fue la conformaci\u00f3n de amigos <strong>(Ami)<\/strong> que caminaban juntos en el camino de la Industria Farmac\u00e9utica <strong>(Pharma)<\/strong>, de ah\u00ed el nombre AMIPHARMA.<\/p>\n\n\n\n<p class=\"has-text-align-center has-mdm-large-font-size\">Nuestro activo principal lo componen la \u00f3ptima calidad de nuestros productos, el excelente servicio que ofrecemos y nuestra trayectoria intachable.<\/p>\n<\/div>\n<\/div>\n<\/div>\n<\/div>\n\n\n\n<div class=\"wp-block-group wow animate__animated animate__fadeInUp has-base-2-background-color has-background has-global-padding is-layout-constrained wp-block-group-is-layout-constrained\" style=\"margin-top:0;margin-bottom:0;padding-top:var(--wp--preset--spacing--50);padding-bottom:var(--wp--preset--spacing--50)\">\n<div class=\"wp-block-columns is-layout-flex wp-container-core-columns-is-layout-328c6305 wp-block-columns-is-layout-flex\" style=\"padding-top:var(--wp--preset--spacing--30)\">\n<div class=\"wp-block-column wow animate__animated animate__zoomIn is-layout-flow wp-block-column-is-layout-flow\">\n<div class=\"wp-block-group has-hover-effect has-border-color has-primary-background-color has-background has-global-padding is-layout-constrained wp-container-core-group-is-layout-80fb368b wp-block-group-is-layout-constrained\" style=\"border-color:#f5f5f585;border-width:1px;border-radius:8px;padding-top:var(--wp--preset--spacing--30);padding-right:var(--wp--preset--spacing--30);padding-bottom:var(--wp--preset--spacing--30);padding-left:var(--wp--preset--spacing--30)\">\n<h3 class=\"wp-block-heading has-text-align-center has-base-2-color has-text-color has-link-color wp-elements-d7ff6a8204a62f89ec90b421e4d71da6\" style=\"font-size:clamp(21.027px, 1.314rem + ((1vw - 3.2px) * 1.582), 34px);font-style:normal;font-weight:700\">Nuestra Misi\u00f3n<\/h3>\n\n\n\n<p class=\"has-text-align-left has-base-2-color has-text-color has-link-color wp-elements-00cd3cbc492b87fff38205d9540844bd\">Somos una Empresa comprometida a contribuir con el cuerpo m\u00e9dico, en mejorar la salud de los pacientes con afecciones oncol\u00f3gicas mediante la comercializaci\u00f3n de productos farmac\u00e9uticos manufacturados bajo los m\u00e1s altos est\u00e1ndares de calidad y seguridad, y con un servicio personalizado y eficiente las 24 horas del d\u00eda, los 7 d\u00edas de la semana.<\/p>\n<\/div>\n<\/div>\n\n\n\n<div class=\"wp-block-column wow animate__animated animate__zoomIn animate__delay-1s is-layout-flow wp-block-column-is-layout-flow\" style=\"padding-top:0;padding-right:0;padding-bottom:0;padding-left:0\">\n<div class=\"wp-block-group has-hover-effect has-border-color has-secondary-background-color has-background has-global-padding is-layout-constrained wp-container-core-group-is-layout-80fb368b wp-block-group-is-layout-constrained\" style=\"border-color:#f5f5f585;border-width:1px;border-radius:8px;padding-top:var(--wp--preset--spacing--30);padding-right:var(--wp--preset--spacing--30);padding-bottom:var(--wp--preset--spacing--30);padding-left:var(--wp--preset--spacing--30)\">\n<h3 class=\"wp-block-heading has-text-align-center has-base-2-color has-text-color has-link-color wp-elements-6c947bd43c6b40b5cef5b8e75861f7e2\" style=\"font-size:clamp(21.027px, 1.314rem + ((1vw - 3.2px) * 1.582), 34px);font-style:normal;font-weight:700\">Nuestra Visi\u00f3n<\/h3>\n\n\n\n<p class=\"has-text-align-left has-base-color has-text-color has-link-color wp-elements-13a586aab674d2263e858e8cb5b9b46c\">Ser la empresa l\u00edder del mercado oncol\u00f3gico, trabajando en equipo y destac\u00e1ndonos por el excelente servicio que ofrecemos a los profesionales de la salud, sus pacientes y por la \u00f3ptima calidad de nuestros productos.<\/p>\n\n\n\n<p class=\"has-text-align-left\">.<\/p>\n\n\n\n<p>.<\/p>\n<\/div>\n\n\n\n<p><\/p>\n<\/div>\n\n\n\n<div class=\"wp-block-column wow animate__animated animate__zoomIn is-layout-flow wp-block-column-is-layout-flow\">\n<div class=\"wp-block-group has-hover-effect has-border-color has-accent-5-background-color has-background has-global-padding is-layout-constrained wp-container-core-group-is-layout-80fb368b wp-block-group-is-layout-constrained\" style=\"border-color:#f5f5f585;border-width:1px;border-radius:8px;padding-top:var(--wp--preset--spacing--30);padding-right:var(--wp--preset--spacing--30);padding-bottom:var(--wp--preset--spacing--30);padding-left:var(--wp--preset--spacing--30)\">\n<h3 class=\"wp-block-heading has-text-align-center has-base-2-color has-text-color has-link-color wp-elements-6a1d4d1a0772a952dd011cfeb126b155\" style=\"font-size:clamp(21.027px, 1.314rem + ((1vw - 3.2px) * 1.582), 34px);font-style:normal;font-weight:700\">Nuestros Valores<\/h3>\n\n\n\n<p class=\"has-text-align-left has-base-2-color has-text-color has-link-color wp-elements-0f3a9271eed7ecbaeefe7874a9fb9b7a\">\u2022 Atentos <br>\u2022 Meticulosos<br>\u2022 Intuitivos<br>\u2022 Pasi\u00f3n por lo que hacemos<br>\u2022 Honestidad y respeto a la \u00e9tica profesional<br>\u2022 Aut\u00e9nticos<br>\u2022 Responsables<br>\u2022 Mesurados<br>\u2022 Actitud positiva<\/p>\n<\/div>\n<\/div>\n<\/div>\n<\/div>\n","protected":false},"excerpt":{"rendered":"<p>Nuestra Historia Amipharma Dominicana fue fundada en el a\u00f1o 2001.&nbsp; Concebida con la idea de suplir a las diferentes Instituciones que se dedican a la lucha contra el c\u00e1ncer con productos que por una raz\u00f3n u otra no estaban disponibles en el mercado en un momento determinado. Es por esto por lo que nuestro universo [&hellip;]<\/p>\n","protected":false},"author":1,"featured_media":0,"parent":15,"menu_order":0,"comment_status":"closed","ping_status":"closed","template":"","meta":{"footnotes":""},"class_list":["post-24","page","type-page","status-publish","hentry"],"_links":{"self":[{"href":"https:\/\/amipharmadominicana.com\/index.php\/wp-json\/wp\/v2\/pages\/24","targetHints":{"allow":["GET"]}}],"collection":[{"href":"https:\/\/amipharmadominicana.com\/index.php\/wp-json\/wp\/v2\/pages"}],"about":[{"href":"https:\/\/amipharmadominicana.com\/index.php\/wp-json\/wp\/v2\/types\/page"}],"author":[{"embeddable":true,"href":"https:\/\/amipharmadominicana.com\/index.php\/wp-json\/wp\/v2\/users\/1"}],"replies":[{"embeddable":true,"href":"https:\/\/amipharmadominicana.com\/index.php\/wp-json\/wp\/v2\/comments?post=24"}],"version-history":[{"count":19,"href":"https:\/\/amipharmadominicana.com\/index.php\/wp-json\/wp\/v2\/pages\/24\/revisions"}],"predecessor-version":[{"id":191,"href":"https:\/\/amipharmadominicana.com\/index.php\/wp-json\/wp\/v2\/pages\/24\/revisions\/191"}],"up":[{"embeddable":true,"href":"https:\/\/amipharmadominicana.com\/index.php\/wp-json\/wp\/v2\/pages\/15"}],"wp:attachment":[{"href":"https:\/\/amipharmadominicana.com\/index.php\/wp-json\/wp\/v2\/media?parent=24"}],"curies":[{"name":"wp","href":"https:\/\/api.w.org\/{rel}","templated":true}]}}